{"id":11,"date":"2021-04-07T15:00:08","date_gmt":"2021-04-07T13:00:08","guid":{"rendered":"https:\/\/rmbb.dominikanie.pl\/?page_id=11"},"modified":"2021-04-07T17:08:59","modified_gmt":"2021-04-07T15:08:59","slug":"o-nas","status":"publish","type":"page","link":"https:\/\/rmbb.dominikanie.pl\/index.php\/o-nas\/","title":{"rendered":"O nas"},"content":{"rendered":"\n<h2 class=\"wp-block-heading\">Czy choroba i cierpienie musi wyklucza\u0107?<\/h2>\n\n\n\n<p><em>Nie. Mo\u017ce jednak warto stworzy\u0107 wsp\u00f3lnot\u0119, kt\u00f3ra u\u0142atwi odnalezienie sensu w cierpieniu? Wsp\u00f3lnot\u0119, kt\u00f3ra modli si\u0119 za cierpi\u0105cych i kt\u00f3ra &#8222;modli si\u0119 cierpieniem&#8221;? Wsp\u00f3lnot\u0119, kt\u00f3ra wyprasza \u0142ask\u0119 nadziei, kt\u00f3ra modli si\u0119 o \u015bwiat\u0142o dla tych, kt\u00f3rzy \u017cyj\u0105 w ciemno\u015bci rozpaczy?<\/em><\/p>\n\n\n\n<p class=\"has-drop-cap\">W latach pi\u0119\u0107dziesi\u0105tych <strong>dr Halina Kalwaryjska<\/strong> pracuje jako <strong>psycholog<\/strong> w klinice ortopedycznej i w\u015br\u00f3d inwalid\u00f3w spotyka osoby, kt\u00f3re <strong>z powodu swego stanu zdrowia nie mog\u0105 zrealizowa\u0107 powo\u0142ania do \u017cycia konsekrowanego<\/strong>. Rozpoczyna studia medyczne, specjalizuje si\u0119 w <strong>neurologii<\/strong>. W swojej dalszej pracy widzi cz\u0119sto bezskuteczno\u015b\u0107&nbsp;wszelkich wysi\u0142k\u00f3w ludzkich, a tak\u017ce zupe\u0142n\u0105 <strong>bezradno\u015b\u0107<\/strong>&nbsp;wobec stanu psychicznego i duchowego niekt\u00f3rych os\u00f3b niepe\u0142nosprawnych \u2013 pogr\u0105\u017conych w <strong>rozpaczy<\/strong> nie dostrzegaj\u0105cych \u017cadnego sensu swego cierpienia i \u017cycia. Dochodzi w\u00f3wczas do przekonania, ze jedynie szczeg\u00f3lna \u0142aska Bo\u017ca mo\u017ce wydoby\u0107&nbsp;cz\u0142owieka z dna jego zniech\u0119cenia, buntu i rozpaczy, a t\u0119<strong> \u0142ask\u0119 wyprasza\u0107&nbsp;<\/strong>mog\u0105 i powinni przede wszystkim ci, kt\u00f3rzy zetkn\u0105wszy si\u0119 osobi\u015bcie z cierpieniem odnale\u017ali ju\u017c jego sens. Zamierza wi\u0119c utworzy\u0107&nbsp;odpowiedni\u0105 dla nich wsp\u00f3lnot\u0119.&nbsp;<\/p>\n\n\n\n<figure class=\"wp-block-pullquote\"><blockquote><p>Misj\u0105 tej zamierzonej wsp\u00f3lnoty ma by\u0107&nbsp;wyjednywanie u Boga tej&nbsp;\u0142aski prze\u017cywania cierpienia z po\u017cytkiem dla siebie i bli\u017anich, ca\u0142ego Ko\u015bcio\u0142a i \u015bwiata. Wsp\u00f3lnot\u0119 powinny tworzy\u0107&nbsp;osoby chore, niepe\u0142nosprawne i zdrowe \u2013 uwra\u017cliwione na problem pozytywnego prze\u017cywania i wykorzystania cierpienia.<\/p><\/blockquote><\/figure>\n\n\n\n<div class=\"wp-block-buttons is-layout-flex wp-block-buttons-is-layout-flex\">\n<div class=\"wp-block-button\"><a class=\"wp-block-button__link\" href=\"https:\/\/rmbb.dominikanie.pl\/index.php\/historia\/\">czytaj dalej o naszej historii <\/a><\/div>\n<\/div>\n\n\n\n<p><\/p>\n","protected":false},"excerpt":{"rendered":"<p>Czy choroba i cierpienie musi wyklucza\u0107? Nie. Mo\u017ce jednak warto stworzy\u0107 wsp\u00f3lnot\u0119, kt\u00f3ra u\u0142atwi odnalezienie sensu w cierpieniu? Wsp\u00f3lnot\u0119, kt\u00f3ra modli si\u0119 za cierpi\u0105cych i kt\u00f3ra &#8222;modli si\u0119 cierpieniem&#8221;? Wsp\u00f3lnot\u0119, kt\u00f3ra wyprasza \u0142ask\u0119 nadziei, kt\u00f3ra modli si\u0119 o \u015bwiat\u0142o dla tych, kt\u00f3rzy \u017cyj\u0105 w ciemno\u015bci rozpaczy? W latach pi\u0119\u0107dziesi\u0105tych dr Halina Kalwaryjska pracuje jako psycholog [&hellip;]<\/p>\n","protected":false},"author":3,"featured_media":0,"parent":0,"menu_order":0,"comment_status":"closed","ping_status":"closed","template":"","meta":{"footnotes":""},"class_list":["post-11","page","type-page","status-publish","hentry"],"_links":{"self":[{"href":"https:\/\/rmbb.dominikanie.pl\/index.php\/wp-json\/wp\/v2\/pages\/11","targetHints":{"allow":["GET"]}}],"collection":[{"href":"https:\/\/rmbb.dominikanie.pl\/index.php\/wp-json\/wp\/v2\/pages"}],"about":[{"href":"https:\/\/rmbb.dominikanie.pl\/index.php\/wp-json\/wp\/v2\/types\/page"}],"author":[{"embeddable":true,"href":"https:\/\/rmbb.dominikanie.pl\/index.php\/wp-json\/wp\/v2\/users\/3"}],"replies":[{"embeddable":true,"href":"https:\/\/rmbb.dominikanie.pl\/index.php\/wp-json\/wp\/v2\/comments?post=11"}],"version-history":[{"count":7,"href":"https:\/\/rmbb.dominikanie.pl\/index.php\/wp-json\/wp\/v2\/pages\/11\/revisions"}],"predecessor-version":[{"id":102,"href":"https:\/\/rmbb.dominikanie.pl\/index.php\/wp-json\/wp\/v2\/pages\/11\/revisions\/102"}],"wp:attachment":[{"href":"https:\/\/rmbb.dominikanie.pl\/index.php\/wp-json\/wp\/v2\/media?parent=11"}],"curies":[{"name":"wp","href":"https:\/\/api.w.org\/{rel}","templated":true}]}}