{"id":10,"date":"2021-04-07T15:00:08","date_gmt":"2021-04-07T13:00:08","guid":{"rendered":"https:\/\/rmbb.dominikanie.pl\/?page_id=10"},"modified":"2021-04-07T18:09:15","modified_gmt":"2021-04-07T16:09:15","slug":"nowe-muzeum-sztuki-nowoczesnej-otwarlo-swoje-powoje","status":"publish","type":"page","link":"https:\/\/rmbb.dominikanie.pl\/","title":{"rendered":"Dominika\u0144ska Wsp\u00f3lnota Modlitewno Apostolska"},"content":{"rendered":"\n<div class=\"wp-block-columns alignwide is-layout-flex wp-container-core-columns-is-layout-9d6595d7 wp-block-columns-is-layout-flex\">\n<div class=\"wp-block-column is-layout-flow wp-block-column-is-layout-flow\">\n<div class=\"wp-block-group\"><div class=\"wp-block-group__inner-container is-layout-flow wp-block-group-is-layout-flow\">\n<div class=\"wp-block-buttons is-layout-flex wp-block-buttons-is-layout-flex\">\n<div class=\"wp-block-button is-style-fill\"><a class=\"wp-block-button__link\" href=\"http:\/\/www.bolesna.op.opoka.org.pl\/fundacja.htm\" target=\"_blank\" rel=\"noreferrer noopener\">fundacja<\/a><\/div>\n\n\n\n<div class=\"wp-block-button is-style-fill\"><a class=\"wp-block-button__link\" href=\"https:\/\/rmbb.dominikanie.pl\/index.php\/historia\/\">historia<\/a><\/div>\n\n\n\n<div class=\"wp-block-button is-style-fill\"><a class=\"wp-block-button__link\" href=\"https:\/\/rmbb.dominikanie.pl\/index.php\/rodzina-mbb-online\/\">rmbb online<\/a><\/div>\n<\/div>\n<\/div><\/div>\n\n\n\n<div class=\"wp-block-columns is-layout-flex wp-container-core-columns-is-layout-9d6595d7 wp-block-columns-is-layout-flex\">\n<div class=\"wp-block-column is-layout-flow wp-block-column-is-layout-flow\" style=\"flex-basis:100%\">\n<div class=\"wp-block-group\"><div class=\"wp-block-group__inner-container is-layout-flow wp-block-group-is-layout-flow\">\n<div class=\"wp-block-media-text alignfull has-media-on-the-right is-stacked-on-mobile\" style=\"grid-template-columns:auto 25%\"><figure class=\"wp-block-media-text__media\"><img loading=\"lazy\" decoding=\"async\" width=\"599\" height=\"768\" src=\"https:\/\/rmbb.dominikanie.pl\/wp-content\/uploads\/2021\/04\/Mater_dolorosa.jpg\" alt=\"Dieric Bouts, Netherlandish, Mater Dolorosa, 1470\u201375\" class=\"wp-image-44 size-full\" srcset=\"https:\/\/rmbb.dominikanie.pl\/wp-content\/uploads\/2021\/04\/Mater_dolorosa.jpg 599w, https:\/\/rmbb.dominikanie.pl\/wp-content\/uploads\/2021\/04\/Mater_dolorosa-234x300.jpg 234w\" sizes=\"auto, (max-width: 599px) 100vw, 599px\" \/><\/figure><div class=\"wp-block-media-text__content\">\n<blockquote class=\"wp-block-quote is-layout-flow wp-block-quote-is-layout-flow\"><p><em>Aposto\u0142 pisze: \u201eTeraz raduj\u0119 si\u0119 w cierpieniach za was\u201d. Rado\u015b\u0107&nbsp;pochodzi z odkrycia sensu cierpienia \u2013 a odkrycie to, chocia\u017c jest najbardziej osobistym udzia\u0142em pisz\u0105cego te s\u0142owa Paw\u0142a z Tarsu, jest r\u00f3wnie wa\u017cne dla innych. <\/em><\/p><cite><em>Z Listu Apostolskiego<\/em> <em>Jana Paw\u0142a II&nbsp;&#8222;<a href=\"https:\/\/opoka.org.pl\/biblioteka\/W\/WP\/jan_pawel_ii\/listy\/salvifici.html\">Salvifici Doloris&#8221;<\/a><\/em><\/cite><\/blockquote>\n<\/div><\/div>\n\n\n\n<h3 class=\"has-larger-font-size wp-block-heading\">Po co?<\/h3>\n\n\n\n<p>Rodzina Matki Bo\u017cej Bolesnej ( w skr\u00f3cie <a href=\"https:\/\/rmbb.dominikanie.pl\/index.php\/o-nas\/\">RMBB<\/a>) to wsp\u00f3lnota za\u0142o\u017cona w 1957 roku przez dr Halin\u0119 Kalwaryjsk\u0105 i Izabel\u0119 Sokolnick\u0105, by osobom przewlekle chorym i niepe\u0142nosprawnym fizycznie umo\u017cliwi\u0107 <strong>realizowanie powo\u0142ania do g\u0142\u0119bokiego \u017cycia duchowego, a nawet do \u017cycia ca\u0142kowicie oddanego Bogu<\/strong>. <\/p>\n\n\n\n<h3 class=\"has-larger-font-size wp-block-heading\">Dla kogo?<\/h3>\n\n\n\n<p>Do wsp\u00f3lnoty nale\u017c\u0105 <strong>kobiety<\/strong> i <strong>m\u0119\u017cczy\u017ani<\/strong> r\u00f3\u017cnego wieku, wykszta\u0142cenia, zawodu, osoby <strong>\u015bwieckie<\/strong> a tak\u017ce <strong>duchowni<\/strong> i osoby zakonne.&nbsp;<\/p>\n\n\n\n<p><a href=\"https:\/\/rmbb.dominikanie.pl\/index.php\/o-nas\/\">Rodzina Matki Bo\u017cej Bolesnej <\/a>jednoczy na r\u00f3wnych prawach:&nbsp;<\/p>\n\n\n\n<p>&#8211; osoby ca\u0142kowicie unieruchomione (le\u017c\u0105ce lub korzystaj\u0105ce z w\u00f3zk\u00f3w inwalidzkich), osoby poruszaj\u0105ce si\u0119 z trudem, osoby przewlekle chore, niewidome itp.&nbsp;<\/p>\n\n\n\n<p>&#8211; osoby zdrowe, kt\u00f3re w poczuciu braterstwa i solidarno\u015bci z niepe\u0142nosprawnymi, na zasadach partnerskich \u0142\u0105cz\u0105 si\u0119 z nimi we wsp\u00f3lnocie apostolskiego dzia\u0142ania i d\u0105\u017cenia do realizowania Ewangelii w \u017cyciu.&nbsp;<\/p>\n\n\n\n<p>Cz\u0142onkowie <a href=\"https:\/\/rmbb.dominikanie.pl\/index.php\/o-nas\/\">RMBB<\/a> pozostaj\u0105 we w\u0142asnych \u015brodowiskach \u017cycia i pracy.&nbsp; Mieszkaj\u0105 w ca\u0142ej Polsce.<\/p>\n\n\n\n<div class=\"wp-block-button is-style-outline is-style-outline--1\"><a class=\"wp-block-button__link\" href=\"https:\/\/rmbb.dominikanie.pl\/index.php\/o-nas\/\">Czytaj wi\u0119cej<\/a><\/div>\n<\/div><\/div>\n<\/div>\n<\/div>\n\n\n\n<figure class=\"wp-block-pullquote\"><blockquote><p><strong>Misj\u0105  (&#8230;)wsp\u00f3lnoty ma by\u0107&nbsp;wyjednywanie u Boga tej&nbsp;\u0142aski prze\u017cywania cierpienia z po\u017cytkiem dla siebie i bli\u017anich, ca\u0142ego Ko\u015bcio\u0142a i \u015bwiata. <\/strong><\/p><cite>\/z Historii <a href=\"https:\/\/rmbb.dominikanie.pl\/index.php\/historia\/\">RMBB<\/a>\/<\/cite><\/blockquote><\/figure>\n<\/div>\n<\/div>\n\n\n\n<div class=\"wp-block-columns is-layout-flex wp-container-core-columns-is-layout-9d6595d7 wp-block-columns-is-layout-flex\">\n<div class=\"wp-block-column is-layout-flow wp-block-column-is-layout-flow\">\n<div class=\"wp-block-buttons is-layout-flex wp-block-buttons-is-layout-flex\">\n<div class=\"wp-block-button is-style-outline is-style-outline--2\"><a class=\"wp-block-button__link\" href=\"https:\/\/rmbb.dominikanie.pl\/index.php\/blog\/\">aktualno\u015bci<\/a><\/div>\n<\/div>\n<\/div>\n\n\n\n<div class=\"wp-block-column is-layout-flow wp-block-column-is-layout-flow\"><\/div>\n<\/div>\n\n\n<ul class=\"wp-block-latest-posts__list has-dates aligncenter wp-block-latest-posts\"><li><a class=\"wp-block-latest-posts__post-title\" href=\"https:\/\/rmbb.dominikanie.pl\/index.php\/2021\/04\/07\/zmartwychwstal-chrystus-nasza-nadzieja\/\">Zmartwychwsta\u0142 Chrystus, nasza nadzieja!<\/a><time datetime=\"2021-04-07T17:50:16+02:00\" class=\"wp-block-latest-posts__post-date\">7 kwietnia 2021<\/time><div class=\"wp-block-latest-posts__post-excerpt\">Surrexit Christus spes mea! Ju\u017c drugi raz prze\u017cywali\u015bmy okres Wielkiego Postu&nbsp;&nbsp;w okresie pandemii. Wsp\u00f3lnie z bra\u0107mi i\u2026 <a class=\"wp-block-latest-posts__read-more\" href=\"https:\/\/rmbb.dominikanie.pl\/index.php\/2021\/04\/07\/zmartwychwstal-chrystus-nasza-nadzieja\/\" rel=\"noopener noreferrer\">Dowiedz si\u0119 wi\u0119cej<span class=\"screen-reader-text\">: Zmartwychwsta\u0142 Chrystus, nasza nadzieja!<\/span><\/a><\/div><\/li>\n<\/ul>\n\n\n<div style=\"height:100px\" aria-hidden=\"true\" class=\"wp-block-spacer\"><\/div>\n","protected":false},"excerpt":{"rendered":"<p>Aposto\u0142 pisze: \u201eTeraz raduj\u0119 si\u0119 w cierpieniach za was\u201d. Rado\u015b\u0107&nbsp;pochodzi z odkrycia sensu cierpienia \u2013 a odkrycie to, chocia\u017c jest najbardziej osobistym udzia\u0142em pisz\u0105cego te s\u0142owa Paw\u0142a z Tarsu, jest r\u00f3wnie wa\u017cne dla innych. Z Listu Apostolskiego Jana Paw\u0142a II&nbsp;&#8222;Salvifici Doloris&#8221; Po co? Rodzina Matki Bo\u017cej Bolesnej ( w skr\u00f3cie RMBB) to wsp\u00f3lnota za\u0142o\u017cona w [&hellip;]<\/p>\n","protected":false},"author":3,"featured_media":0,"parent":0,"menu_order":0,"comment_status":"closed","ping_status":"closed","template":"","meta":{"footnotes":""},"class_list":["post-10","page","type-page","status-publish","hentry"],"_links":{"self":[{"href":"https:\/\/rmbb.dominikanie.pl\/index.php\/wp-json\/wp\/v2\/pages\/10","targetHints":{"allow":["GET"]}}],"collection":[{"href":"https:\/\/rmbb.dominikanie.pl\/index.php\/wp-json\/wp\/v2\/pages"}],"about":[{"href":"https:\/\/rmbb.dominikanie.pl\/index.php\/wp-json\/wp\/v2\/types\/page"}],"author":[{"embeddable":true,"href":"https:\/\/rmbb.dominikanie.pl\/index.php\/wp-json\/wp\/v2\/users\/3"}],"replies":[{"embeddable":true,"href":"https:\/\/rmbb.dominikanie.pl\/index.php\/wp-json\/wp\/v2\/comments?post=10"}],"version-history":[{"count":38,"href":"https:\/\/rmbb.dominikanie.pl\/index.php\/wp-json\/wp\/v2\/pages\/10\/revisions"}],"predecessor-version":[{"id":136,"href":"https:\/\/rmbb.dominikanie.pl\/index.php\/wp-json\/wp\/v2\/pages\/10\/revisions\/136"}],"wp:attachment":[{"href":"https:\/\/rmbb.dominikanie.pl\/index.php\/wp-json\/wp\/v2\/media?parent=10"}],"curies":[{"name":"wp","href":"https:\/\/api.w.org\/{rel}","templated":true}]}}